
{"id":36790,"date":"2025-10-12T02:41:59","date_gmt":"2025-10-12T02:41:59","guid":{"rendered":"https:\/\/club.gymspace.cz\/?page_id=36790"},"modified":"2025-11-06T16:37:23","modified_gmt":"2025-11-06T16:37:23","slug":"prihlaseni","status":"publish","type":"page","link":"https:\/\/club.gymspace.cz\/en\/prihlaseni\/","title":{"rendered":"P\u0159ihl\u00e1\u0161en\u00ed"},"content":{"rendered":"\t\t<div data-elementor-type=\"wp-page\" data-elementor-id=\"36790\" class=\"elementor elementor-36790\" data-elementor-post-type=\"page\">\n\t\t\t\t<div class=\"elementor-element elementor-element-9f2434f e-flex e-con-boxed e-con e-parent\" data-id=\"9f2434f\" data-element_type=\"container\" data-e-type=\"container\">\n\t\t\t\t\t<div class=\"e-con-inner\">\n\t\t\t\t<div class=\"elementor-element elementor-element-164f2f8 elementor-widget elementor-widget-heading\" data-id=\"164f2f8\" data-element_type=\"widget\" data-e-type=\"widget\" data-widget_type=\"heading.default\">\n\t\t\t\t\t<h2 class=\"elementor-heading-title elementor-size-default\">p\u0159ihl\u00e1sit se<\/h2>\t\t\t\t<\/div>\n\t\t<div class=\"elementor-element elementor-element-5faacd0 e-con-full e-flex e-con e-child\" data-id=\"5faacd0\" data-element_type=\"container\" data-e-type=\"container\" data-settings=\"{&quot;background_background&quot;:&quot;gradient&quot;}\">\n\t\t\t\t<div class=\"elementor-element elementor-element-59ab8c1 elementor-button-align-end elementor-widget elementor-widget-form\" data-id=\"59ab8c1\" data-element_type=\"widget\" data-e-type=\"widget\" data-settings=\"{&quot;step_next_label&quot;:&quot;Pokra\\u010dovat&quot;,&quot;step_previous_label&quot;:&quot;zp\\u011bt&quot;,&quot;step_type&quot;:&quot;icon&quot;,&quot;step_icon_shape&quot;:&quot;none&quot;,&quot;button_width&quot;:&quot;100&quot;}\" data-widget_type=\"form.default\">\n\t\t\t\t\t\t\t<form class=\"elementor-form\" method=\"post\" name=\"Login\" aria-label=\"Login\" novalidate=\"\">\n\t\t\t<input type=\"hidden\" name=\"post_id\" value=\"36790\"\/>\n\t\t\t<input type=\"hidden\" name=\"form_id\" value=\"59ab8c1\"\/>\n\t\t\t<input type=\"hidden\" name=\"referer_title\" value=\"P\u0159ihl\u00e1\u0161en\u00ed\" \/>\n\n\t\t\t\t\t\t\t<input type=\"hidden\" name=\"queried_id\" value=\"36790\"\/>\n\t\t\t\n\t\t\t<div class=\"elementor-form-fields-wrapper elementor-labels-above\">\n\t\t\t\t\t\t\t\t<div class=\"elementor-field-type-step elementor-field-group elementor-column elementor-field-group-field_eb34fc4 elementor-col-100\">\n\t\t\t\t\t\t\t<div class=\"e-field-step elementor-hidden\" data-label=\"\" data-previousButton=\"\" data-nextButton=\"\" data-iconUrl=\"\" data-iconLibrary=\"icon icon-user\" data-icon=\"&lt;i class=&quot;icon icon-user&quot;&gt;&lt;\/i&gt;\" ><\/div>\n\n\t\t\t\t\t\t<\/div>\n\t\t\t\t\t\t\t\t<div class=\"elementor-field-type-text elementor-field-group elementor-column elementor-field-group-username elementor-col-100 elementor-field-required elementor-mark-required\">\n\t\t\t\t\t\t\t\t\t\t\t\t<label for=\"form-field-username\" class=\"elementor-field-label\">\n\t\t\t\t\t\t\t\tU\u017eivatelsk\u00e9 Jm\u00e9no \/ Email\t\t\t\t\t\t\t<\/label>\n\t\t\t\t\t\t\t\t\t\t\t\t\t\t<input size=\"1\" type=\"text\" name=\"form_fields[username]\" id=\"form-field-username\" class=\"elementor-field elementor-size-md  elementor-field-textual\" placeholder=\"U\u017eivatelsk\u00e9 Jm\u00e9no \/ Email\" required=\"required\">\n\t\t\t\t\t\t\t\t\t\t\t<\/div>\n\t\t\t\t\t\t\t\t<div class=\"elementor-field-type-step elementor-field-group elementor-column elementor-field-group-field_8b0ce59 elementor-col-100\">\n\t\t\t\t\t\t\t<div class=\"e-field-step elementor-hidden\" data-label=\"\" data-previousButton=\"\" data-nextButton=\"\" data-iconUrl=\"\" data-iconLibrary=\"icon icon-lock\" data-icon=\"&lt;i class=&quot;icon icon-lock&quot;&gt;&lt;\/i&gt;\" ><\/div>\n\n\t\t\t\t\t\t<\/div>\n\t\t\t\t\t\t\t\t<div class=\"elementor-field-type-password elementor-field-group elementor-column elementor-field-group-password elementor-col-100 elementor-field-required elementor-mark-required\">\n\t\t\t\t\t\t\t\t\t\t\t\t<label for=\"form-field-password\" class=\"elementor-field-label\">\n\t\t\t\t\t\t\t\tHeslo\t\t\t\t\t\t\t<\/label>\n\t\t\t\t\t\t\t\t\t\t\t\t\t\t<input size=\"1\" type=\"password\" name=\"form_fields[password]\" id=\"form-field-password\" class=\"elementor-field elementor-size-md  elementor-field-textual\" placeholder=\"Heslo\" required=\"required\">\n\t\t\t\t\t\t\t\t\t\t\t<\/div>\n\t\t\t\t\t\t\t\t<div class=\"elementor-field-type-hidden elementor-field-group elementor-column elementor-field-group-action elementor-col-100\">\n\t\t\t\t\t\t\t\t\t\t\t\t\t<input size=\"1\" type=\"hidden\" name=\"form_fields[action]\" id=\"form-field-action\" class=\"elementor-field elementor-size-md  elementor-field-textual\" value=\"login_user\">\n\t\t\t\t\t\t\t\t\t\t\t<\/div>\n\t\t\t\t\t\t\t\t<div class=\"elementor-field-group elementor-column elementor-field-type-submit elementor-col-100 e-form__buttons\">\n\t\t\t\t\t<button class=\"elementor-button elementor-size-sm\" type=\"submit\" id=\"register-button\">\n\t\t\t\t\t\t<span class=\"elementor-button-content-wrapper\">\n\t\t\t\t\t\t\t\t\t\t\t\t\t\t\t\t\t\t\t\t\t\t<span class=\"elementor-button-text\">jdeme na to!<\/span>\n\t\t\t\t\t\t\t\t\t\t\t\t\t<\/span>\n\t\t\t\t\t<\/button>\n\t\t\t\t<\/div>\n\t\t\t<\/div>\n\t\t<\/form>\n\t\t\t\t\t\t<\/div>\n\t\t\t\t<div class=\"elementor-element elementor-element-fb2412c elementor-align-right elementor-widget elementor-widget-button\" data-id=\"fb2412c\" data-element_type=\"widget\" data-e-type=\"widget\" data-widget_type=\"button.default\">\n\t\t\t\t\t\t\t\t\t\t<a class=\"elementor-button elementor-button-link elementor-size-sm\" href=\"https:\/\/club.gymspace.cz\/zapomenute-heslo\/\">\n\t\t\t\t\t\t<span class=\"elementor-button-content-wrapper\">\n\t\t\t\t\t\t<span class=\"elementor-button-icon\">\n\t\t\t\t<i aria-hidden=\"true\" class=\"icon icon-arrow-right\"><\/i>\t\t\t<\/span>\n\t\t\t\t\t\t\t\t\t<span class=\"elementor-button-text\">Zapomenut\u00e9 Heslo<\/span>\n\t\t\t\t\t<\/span>\n\t\t\t\t\t<\/a>\n\t\t\t\t\t\t\t\t<\/div>\n\t\t\t\t<div class=\"elementor-element elementor-element-b627629 elementor-widget elementor-widget-text-editor\" data-id=\"b627629\" data-element_type=\"widget\" data-e-type=\"widget\" data-widget_type=\"text-editor.default\">\n\t\t\t\t\t\t\t\t\t<p>Je\u0161t\u011b nem\u00e1\u0161 \u00fa\u010det? <a href=\"https:\/\/club.gymspace.cz\/registrace\/\"><span style=\"text-decoration: underline;\"><strong>REGISTRUJ<\/strong><strong>\u00a0SE<\/strong><\/span><\/a><\/p>\t\t\t\t\t\t\t\t<\/div>\n\t\t\t\t<div class=\"elementor-element elementor-element-086eea7 elementor-widget elementor-widget-html\" data-id=\"086eea7\" data-element_type=\"widget\" data-e-type=\"widget\" data-widget_type=\"html.default\">\n\t\t\t\t\t<script>\ndocument.addEventListener(\"DOMContentLoaded\", function() {\n  const passwordFields = document.querySelectorAll('input[type=\"password\"]');\n\n  passwordFields.forEach(field => {\n    \/\/ obal\u00edme input do wrapperu, ale zachov\u00e1me velikost\n    const wrapper = document.createElement('div');\n    wrapper.style.position = 'relative';\n    wrapper.style.width = '100%';\n    wrapper.style.display = 'inline-block';\n\n    field.parentNode.insertBefore(wrapper, field);\n    wrapper.appendChild(field);\n\n    \/\/ vytvo\u0159en\u00ed ikonky\n    const toggle = document.createElement('span');\n    toggle.innerHTML = '\ud83d\udc41\ufe0f';\n    toggle.style.position = 'absolute';\n    toggle.style.right = '12px';\n    toggle.style.top = '50%';\n    toggle.style.transform = 'translateY(-50%)';\n    toggle.style.cursor = 'pointer';\n    toggle.style.userSelect = 'none';\n    toggle.style.fontSize = '18px';\n    toggle.style.opacity = '0.6';\n    toggle.style.transition = 'opacity 0.2s';\n    \n    toggle.addEventListener('mouseenter', () => toggle.style.opacity = '1');\n    toggle.addEventListener('mouseleave', () => toggle.style.opacity = '0.6');\n\n    wrapper.appendChild(toggle);\n\n    \/\/ p\u0159ep\u00edn\u00e1n\u00ed zobrazen\u00ed\n    toggle.addEventListener('click', () => {\n      field.type = field.type === 'password' ? 'text' : 'password';\n      toggle.innerHTML = field.type === 'password' ? '\ud83d\udc41\ufe0f' : '\ud83d\ude48';\n    });\n  });\n});\n<\/script>\t\t\t\t<\/div>\n\t\t\t\t<\/div>\n\t\t\t\t\t<\/div>\n\t\t\t\t<\/div>\n\t\t\t\t<\/div>\n\t\t","protected":false},"excerpt":{"rendered":"<p>p\u0159ihl\u00e1sit se Zapomenut\u00e9 Heslo Je\u0161t\u011b nem\u00e1\u0161 \u00fa\u010det? REGISTRUJ\u00a0SE<\/p>","protected":false},"author":1,"featured_media":0,"parent":0,"menu_order":0,"comment_status":"closed","ping_status":"closed","template":"","meta":{"_acf_changed":false,"_eb_attr":"","_monsterinsights_skip_tracking":false,"_monsterinsights_sitenote_active":false,"_monsterinsights_sitenote_note":"","_monsterinsights_sitenote_category":0,"footnotes":""},"class_list":["post-36790","page","type-page","status-publish","hentry"],"acf":[],"_links":{"self":[{"href":"https:\/\/club.gymspace.cz\/en\/wp-json\/wp\/v2\/pages\/36790","targetHints":{"allow":["GET"]}}],"collection":[{"href":"https:\/\/club.gymspace.cz\/en\/wp-json\/wp\/v2\/pages"}],"about":[{"href":"https:\/\/club.gymspace.cz\/en\/wp-json\/wp\/v2\/types\/page"}],"author":[{"embeddable":true,"href":"https:\/\/club.gymspace.cz\/en\/wp-json\/wp\/v2\/users\/1"}],"replies":[{"embeddable":true,"href":"https:\/\/club.gymspace.cz\/en\/wp-json\/wp\/v2\/comments?post=36790"}],"version-history":[{"count":58,"href":"https:\/\/club.gymspace.cz\/en\/wp-json\/wp\/v2\/pages\/36790\/revisions"}],"predecessor-version":[{"id":37375,"href":"https:\/\/club.gymspace.cz\/en\/wp-json\/wp\/v2\/pages\/36790\/revisions\/37375"}],"wp:attachment":[{"href":"https:\/\/club.gymspace.cz\/en\/wp-json\/wp\/v2\/media?parent=36790"}],"curies":[{"name":"wp","href":"https:\/\/api.w.org\/{rel}","templated":true}]}}