
{"id":36912,"date":"2025-10-21T16:15:38","date_gmt":"2025-10-21T16:15:38","guid":{"rendered":"https:\/\/club.gymspace.cz\/?page_id=36912"},"modified":"2025-10-22T17:05:03","modified_gmt":"2025-10-22T17:05:03","slug":"zapomenute-heslo","status":"publish","type":"page","link":"https:\/\/club.gymspace.cz\/en\/zapomenute-heslo\/","title":{"rendered":"Zapomenut\u00e9 heslo"},"content":{"rendered":"\t\t<div data-elementor-type=\"wp-page\" data-elementor-id=\"36912\" class=\"elementor elementor-36912\" data-elementor-post-type=\"page\">\n\t\t\t\t<div class=\"elementor-element elementor-element-9f2434f e-flex e-con-boxed e-con e-parent\" data-id=\"9f2434f\" data-element_type=\"container\" data-e-type=\"container\">\n\t\t\t\t\t<div class=\"e-con-inner\">\n\t\t\t\t<div class=\"elementor-element elementor-element-755f750 elementor-widget elementor-widget-heading\" data-id=\"755f750\" data-element_type=\"widget\" data-e-type=\"widget\" data-widget_type=\"heading.default\">\n\t\t\t\t\t<h2 class=\"elementor-heading-title elementor-size-default\">ZAPOMENUT\u00c9 HESLO<\/h2>\t\t\t\t<\/div>\n\t\t<div class=\"elementor-element elementor-element-5faacd0 e-con-full e-flex e-con e-child\" data-id=\"5faacd0\" data-element_type=\"container\" data-e-type=\"container\" data-settings=\"{&quot;background_background&quot;:&quot;gradient&quot;}\">\n\t\t\t\t<div class=\"elementor-element elementor-element-c479c45 elementor-widget elementor-widget-html\" data-id=\"c479c45\" data-element_type=\"widget\" data-e-type=\"widget\" data-widget_type=\"html.default\">\n\t\t\t\t\t<script>\n(function(){\n  function translateLabel(scope){\n    var lbl = scope.querySelector('.wpum-form label[for=\"username_email\"]');\n    if (!lbl) return;\n\n    \/\/ p\u0159epi\u0161 jen textov\u00fd uzel, nesahej na <span class=\"wpum-required\">*<\/span>\n    lbl.childNodes.forEach(function(n){\n      if (n.nodeType === 3 && n.textContent.trim()) {\n        n.textContent = 'U\u017eivatelsk\u00e9 jm\u00e9no nebo e-mailov\u00e1 adresa ';\n      }\n    });\n\n    \/\/ voliteln\u00e9: placeholder u inputu\n    var input = scope.querySelector('#username_email');\n    if (input && !input.placeholder) {\n      input.placeholder = 'U\u017eivatelsk\u00e9 jm\u00e9no nebo e-mail';\n    }\n  }\n\n  document.addEventListener('DOMContentLoaded', function(){\n    var scope = document; \/\/ nebo z\u00fa\u017eit: document.querySelector('#forgot-wrap') pokud m\u00e1\u0161 ID sekce\n    translateLabel(scope);\n\n    \/\/ pojistka, kdy\u017e se formul\u00e1\u0159 p\u0159erenderuje (AJAX apod.)\n    var mo = new MutationObserver(function(){ translateLabel(scope); });\n    mo.observe(scope, { childList:true, subtree:true });\n  });\n})();\n<\/script>\t\t\t\t<\/div>\n\t\t\t\t<div class=\"elementor-element elementor-element-0b920c0 elementor-widget elementor-widget-password-recovery-form\" data-id=\"0b920c0\" data-element_type=\"widget\" data-e-type=\"widget\" data-widget_type=\"password-recovery-form.default\">\n\t\t\t\t<div class=\"elementor-widget-container\">\n\t\t\t\t\t\n<div class=\"wpum-template wpum-form wpum-password-recovery-form\">\n\n\t\n\t<p>\n\t\tZapomn\u011bl jsi heslo? Zadej sv\u00e9 u\u017eivatelsk\u00e9 jm\u00e9no nebo e-mailovou adresu. Na e-mail ti po\u0161leme odkaz, p\u0159es kter\u00fd si m\u016f\u017ee\u0161 nastavit nov\u00e9 heslo.\t<\/p>\n\n\t<form action=\"\/en\/wp-json\/wp\/v2\/pages\/36912\" method=\"post\" id=\"wpum-submit-password-recovery-form\" enctype=\"multipart\/form-data\">\n\n\t\t\t\t\t<fieldset class=\"fieldset-username_email\">\n\n\t\t\t\t\n\t\t\t\t\t<label for=\"username_email\">\n\t\t\t\t\t\tUsername or Email Address\t\t\t\t\t\t\t\t\t\t\t\t\t<span class=\"wpum-required\">*<\/span>\n\t\t\t\t\t\t\t\t\t\t\t<\/label>\n\t\t\t\t\t<div class=\"field required-field\">\n\t\t\t\t\t\t\n<input\n\ttype=\"text\"\n\tclass=\"input-text\"\n\tname=\"username_email\"\n\t\tid=\"username_email\"\n\tplaceholder=\"\"\n\tvalue=\"\"\n\tmaxlength=\"\"\n\trequired\t\t\/>\n\t\t\t\t\t<\/div>\n\n\t\t\t\t\n\t\t\t<\/fieldset>\n\t\t\n\t\t<input type=\"hidden\" name=\"wpum_form\" value=\"password-recovery\" \/>\n\t\t<input type=\"hidden\" name=\"step\" value=\"0\" \/>\n\t\t<input type=\"hidden\" id=\"password_recovery_nonce\" name=\"password_recovery_nonce\" value=\"f17298873e\" \/><input type=\"hidden\" name=\"_wp_http_referer\" value=\"\/en\/wp-json\/wp\/v2\/pages\/36912\" \/>\n\t\t\n\t\t<input type=\"submit\" name=\"submit_password_recovery\" class=\"button\" value=\"Resetovat Heslo\" \/>\n\n\t<\/form>\n\n<\/div>\n\n<ul class=\"wpum-action-links\">\n\t\t<li>\n\t\tU\u017e m\u00e1\u0161 \u00fa\u010det? <a href=\"https:\/\/club.gymspace.cz\/en\/prihlaseni\/\">P\u0159ihlas se &raquo;<\/a>\t<\/li>\n\t\t\t<li>\n\t\tNem\u00e1\u0161 je\u0161t\u011b \u00fa\u010det? <a href=\"https:\/\/club.gymspace.cz\/en\/registrace\/\">Zaregistruj se &raquo;<\/a>\t<\/li>\n\t\t<\/ul>\n\t\t\t\t<\/div>\n\t\t\t\t<\/div>\n\t\t\t\t<div class=\"elementor-element elementor-element-59ab8c1 elementor-button-align-end elementor-hidden-desktop elementor-hidden-tablet elementor-hidden-mobile elementor-widget elementor-widget-form\" data-id=\"59ab8c1\" data-element_type=\"widget\" data-e-type=\"widget\" data-settings=\"{&quot;step_next_label&quot;:&quot;Pokra\\u010dovat&quot;,&quot;step_previous_label&quot;:&quot;zp\\u011bt&quot;,&quot;step_type&quot;:&quot;icon&quot;,&quot;step_icon_shape&quot;:&quot;none&quot;,&quot;button_width&quot;:&quot;100&quot;}\" data-widget_type=\"form.default\">\n\t\t\t\t\t\t\t<form class=\"elementor-form\" method=\"post\" name=\"Forgot Password\" aria-label=\"Forgot Password\" novalidate=\"\">\n\t\t\t<input type=\"hidden\" name=\"post_id\" value=\"36912\"\/>\n\t\t\t<input type=\"hidden\" name=\"form_id\" value=\"59ab8c1\"\/>\n\t\t\t<input type=\"hidden\" name=\"referer_title\" value=\"Zapomenut\u00e9 heslo\" \/>\n\n\t\t\t\t\t\t\t<input type=\"hidden\" name=\"queried_id\" value=\"36912\"\/>\n\t\t\t\n\t\t\t<div class=\"elementor-form-fields-wrapper elementor-labels-above\">\n\t\t\t\t\t\t\t\t<div class=\"elementor-field-type-email elementor-field-group elementor-column elementor-field-group-email_forgottenpass elementor-col-100 elementor-field-required elementor-mark-required\">\n\t\t\t\t\t\t\t\t\t\t\t\t<label for=\"form-field-email_forgottenpass\" class=\"elementor-field-label\">\n\t\t\t\t\t\t\t\tE-mailov\u00e1 adresa\t\t\t\t\t\t\t<\/label>\n\t\t\t\t\t\t\t\t\t\t\t\t\t\t<input size=\"1\" type=\"email\" name=\"form_fields[email_forgottenpass]\" id=\"form-field-email_forgottenpass\" class=\"elementor-field elementor-size-md  elementor-field-textual\" placeholder=\"Email\" required=\"required\">\n\t\t\t\t\t\t\t\t\t\t\t<\/div>\n\t\t\t\t\t\t\t\t<div class=\"elementor-field-group elementor-column elementor-field-type-submit elementor-col-100 e-form__buttons\">\n\t\t\t\t\t<button class=\"elementor-button elementor-size-sm\" type=\"submit\" id=\"register-button\">\n\t\t\t\t\t\t<span class=\"elementor-button-content-wrapper\">\n\t\t\t\t\t\t\t\t\t\t\t\t\t\t\t\t\t\t\t\t\t\t<span class=\"elementor-button-text\">poslat odkaz<\/span>\n\t\t\t\t\t\t\t\t\t\t\t\t\t<\/span>\n\t\t\t\t\t<\/button>\n\t\t\t\t<\/div>\n\t\t\t<\/div>\n\t\t<\/form>\n\t\t\t\t\t\t<\/div>\n\t\t\t\t<\/div>\n\t\t\t\t\t<\/div>\n\t\t\t\t<\/div>\n\t\t\t\t<\/div>\n\t\t","protected":false},"excerpt":{"rendered":"<p>ZAPOMENUT\u00c9 HESLO<\/p>","protected":false},"author":2,"featured_media":0,"parent":0,"menu_order":0,"comment_status":"closed","ping_status":"closed","template":"","meta":{"_acf_changed":false,"_eb_attr":"","_monsterinsights_skip_tracking":false,"_monsterinsights_sitenote_active":false,"_monsterinsights_sitenote_note":"","_monsterinsights_sitenote_category":0,"footnotes":""},"class_list":["post-36912","page","type-page","status-publish","hentry"],"acf":[],"_links":{"self":[{"href":"https:\/\/club.gymspace.cz\/en\/wp-json\/wp\/v2\/pages\/36912","targetHints":{"allow":["GET"]}}],"collection":[{"href":"https:\/\/club.gymspace.cz\/en\/wp-json\/wp\/v2\/pages"}],"about":[{"href":"https:\/\/club.gymspace.cz\/en\/wp-json\/wp\/v2\/types\/page"}],"author":[{"embeddable":true,"href":"https:\/\/club.gymspace.cz\/en\/wp-json\/wp\/v2\/users\/2"}],"replies":[{"embeddable":true,"href":"https:\/\/club.gymspace.cz\/en\/wp-json\/wp\/v2\/comments?post=36912"}],"version-history":[{"count":44,"href":"https:\/\/club.gymspace.cz\/en\/wp-json\/wp\/v2\/pages\/36912\/revisions"}],"predecessor-version":[{"id":38024,"href":"https:\/\/club.gymspace.cz\/en\/wp-json\/wp\/v2\/pages\/36912\/revisions\/38024"}],"wp:attachment":[{"href":"https:\/\/club.gymspace.cz\/en\/wp-json\/wp\/v2\/media?parent=36912"}],"curies":[{"name":"wp","href":"https:\/\/api.w.org\/{rel}","templated":true}]}}