
{"id":38449,"date":"2026-04-01T15:59:53","date_gmt":"2026-04-01T15:59:53","guid":{"rendered":"https:\/\/club.gymspace.cz\/?page_id=38449"},"modified":"2026-05-01T08:07:13","modified_gmt":"2026-05-01T08:07:13","slug":"pca-iron-trophy","status":"publish","type":"page","link":"https:\/\/club.gymspace.cz\/en\/pca-iron-trophy\/","title":{"rendered":"PCA Iron Trophy"},"content":{"rendered":"\t\t<div data-elementor-type=\"wp-page\" data-elementor-id=\"38449\" class=\"elementor elementor-38449\" data-elementor-post-type=\"page\">\n\t\t\t\t<div class=\"elementor-element elementor-element-e24f2e7 e-flex e-con-boxed e-con e-parent\" data-id=\"e24f2e7\" data-element_type=\"container\" data-e-type=\"container\">\n\t\t\t\t\t<div class=\"e-con-inner\">\n\t\t<div class=\"elementor-element elementor-element-75335b0 e-con-full e-flex e-con e-child\" data-id=\"75335b0\" data-element_type=\"container\" data-e-type=\"container\">\n\t\t\t\t<div class=\"elementor-element elementor-element-d4241c1 elementor-widget elementor-widget-image\" data-id=\"d4241c1\" data-element_type=\"widget\" data-e-type=\"widget\" data-widget_type=\"image.default\">\n\t\t\t\t\t\t\t\t\t\t\t\t\t\t\t<img fetchpriority=\"high\" decoding=\"async\" width=\"800\" height=\"635\" src=\"https:\/\/club.gymspace.cz\/wp-content\/uploads\/2026\/04\/epic-shit-title2-1024x813.webp\" class=\"attachment-large size-large wp-image-38464\" alt=\"\" srcset=\"https:\/\/club.gymspace.cz\/wp-content\/uploads\/2026\/04\/epic-shit-title2-1024x813.webp 1024w, https:\/\/club.gymspace.cz\/wp-content\/uploads\/2026\/04\/epic-shit-title2-300x238.webp 300w, https:\/\/club.gymspace.cz\/wp-content\/uploads\/2026\/04\/epic-shit-title2-768x610.webp 768w, https:\/\/club.gymspace.cz\/wp-content\/uploads\/2026\/04\/epic-shit-title2-15x12.webp 15w, https:\/\/club.gymspace.cz\/wp-content\/uploads\/2026\/04\/epic-shit-title2-600x477.webp 600w, https:\/\/club.gymspace.cz\/wp-content\/uploads\/2026\/04\/epic-shit-title2.webp 1458w\" sizes=\"(max-width: 800px) 100vw, 800px\" \/>\t\t\t\t\t\t\t\t\t\t\t\t\t\t\t<\/div>\n\t\t\t\t<div class=\"elementor-element elementor-element-2e6917d elementor-widget elementor-widget-heading\" data-id=\"2e6917d\" data-element_type=\"widget\" data-e-type=\"widget\" data-text=\"\" data-widget_type=\"heading.default\">\n\t\t\t\t\t<h2 class=\"elementor-heading-title elementor-size-default\">Zaz\u00e1\u0159i uprost\u0159ed silov\u00e9ho festivalu Defenders Games.<\/h2>\t\t\t\t<\/div>\n\t\t\t\t<div class=\"elementor-element elementor-element-c2717b2 elementor-widget elementor-widget-text-editor\" data-id=\"c2717b2\" data-element_type=\"widget\" data-e-type=\"widget\" data-widget_type=\"text-editor.default\">\n\t\t\t\t\t\t\t\t\t<p class=\"p1\">\u010cek\u00e1 t\u011b velk\u00e1 stage, siln\u00e1 konkurence z cel\u00e9 st\u0159edn\u00ed Evropy a atmosf\u00e9ra multi-sport festivalu Defenders Games. Nav\u00edc m\u00e1\u0161 \u0161anci z\u00edskat kvalifikaci na PCA Universe a World Championships.<\/p>\t\t\t\t\t\t\t\t<\/div>\n\t\t\t\t<div class=\"elementor-element elementor-element-deaea79 elementor-countdown--label-block elementor-widget elementor-widget-countdown\" data-id=\"deaea79\" data-element_type=\"widget\" data-e-type=\"widget\" data-widget_type=\"countdown.default\">\n\t\t\t\t\t\t\t<div class=\"elementor-countdown-wrapper\" data-date=\"1777826460\">\n\t\t\t<div class=\"elementor-countdown-item\"><span class=\"elementor-countdown-digits elementor-countdown-days\"><\/span> <span class=\"elementor-countdown-label\">Days<\/span><\/div><div class=\"elementor-countdown-item\"><span class=\"elementor-countdown-digits elementor-countdown-hours\"><\/span> <span class=\"elementor-countdown-label\">Hours<\/span><\/div><div class=\"elementor-countdown-item\"><span class=\"elementor-countdown-digits elementor-countdown-minutes\"><\/span> <span class=\"elementor-countdown-label\">Minutes<\/span><\/div><div class=\"elementor-countdown-item\"><span class=\"elementor-countdown-digits elementor-countdown-seconds\"><\/span> <span class=\"elementor-countdown-label\">Seconds<\/span><\/div>\t\t<\/div>\n\t\t\t\t\t\t<\/div>\n\t\t\t\t<div class=\"elementor-element elementor-element-73bcc64 elementor-widget elementor-widget-image\" data-id=\"73bcc64\" data-element_type=\"widget\" data-e-type=\"widget\" data-widget_type=\"image.default\">\n\t\t\t\t\t\t\t\t\t\t\t\t\t\t\t<img decoding=\"async\" width=\"800\" height=\"1000\" src=\"https:\/\/club.gymspace.cz\/wp-content\/uploads\/2026\/04\/IMG_6072-819x1024.png\" class=\"attachment-large size-large wp-image-38452\" alt=\"\" srcset=\"https:\/\/club.gymspace.cz\/wp-content\/uploads\/2026\/04\/IMG_6072-819x1024.png 819w, https:\/\/club.gymspace.cz\/wp-content\/uploads\/2026\/04\/IMG_6072-240x300.png 240w, https:\/\/club.gymspace.cz\/wp-content\/uploads\/2026\/04\/IMG_6072-768x960.png 768w, https:\/\/club.gymspace.cz\/wp-content\/uploads\/2026\/04\/IMG_6072-1229x1536.png 1229w, https:\/\/club.gymspace.cz\/wp-content\/uploads\/2026\/04\/IMG_6072-1638x2048.png 1638w, https:\/\/club.gymspace.cz\/wp-content\/uploads\/2026\/04\/IMG_6072-10x12.png 10w, https:\/\/club.gymspace.cz\/wp-content\/uploads\/2026\/04\/IMG_6072-600x750.png 600w, https:\/\/club.gymspace.cz\/wp-content\/uploads\/2026\/04\/IMG_6072-scaled.png 2048w\" sizes=\"(max-width: 800px) 100vw, 800px\" \/>\t\t\t\t\t\t\t\t\t\t\t\t\t\t\t<\/div>\n\t\t\t\t<div class=\"elementor-element elementor-element-7aafc7b elementor-view-default elementor-position-block-start elementor-mobile-position-block-start elementor-widget elementor-widget-icon-box\" data-id=\"7aafc7b\" data-element_type=\"widget\" data-e-type=\"widget\" data-widget_type=\"icon-box.default\">\n\t\t\t\t\t\t\t<div class=\"elementor-icon-box-wrapper\">\n\n\t\t\t\t\t\t<div class=\"elementor-icon-box-icon\">\n\t\t\t\t<span  class=\"elementor-icon\">\n\t\t\t\t<i aria-hidden=\"true\" class=\"icon icon-flash\"><\/i>\t\t\t\t<\/span>\n\t\t\t<\/div>\n\t\t\t\n\t\t\t\t\t\t<div class=\"elementor-icon-box-content\">\n\n\t\t\t\t\t\t\t\t\t<h3 class=\"elementor-icon-box-title\">\n\t\t\t\t\t\t<span  >\n\t\t\t\t\t\t\tProfi stage\t\t\t\t\t\t<\/span>\n\t\t\t\t\t<\/h3>\n\t\t\t\t\n\t\t\t\t\t\t\t\t\t<p class=\"elementor-icon-box-description\">\n\t\t\t\t\t\tShow, sv\u011btla a backstage, d\u00edky kter\u00fdm si z\u00e1vody opravdu u\u017eije\u0161 naplno.\t\t\t\t\t<\/p>\n\t\t\t\t\n\t\t\t<\/div>\n\t\t\t\n\t\t<\/div>\n\t\t\t\t\t\t<\/div>\n\t\t\t\t<div class=\"elementor-element elementor-element-162fa75 elementor-view-default elementor-position-block-start elementor-mobile-position-block-start elementor-widget elementor-widget-icon-box\" data-id=\"162fa75\" data-element_type=\"widget\" data-e-type=\"widget\" data-widget_type=\"icon-box.default\">\n\t\t\t\t\t\t\t<div class=\"elementor-icon-box-wrapper\">\n\n\t\t\t\t\t\t<div class=\"elementor-icon-box-icon\">\n\t\t\t\t<span  class=\"elementor-icon\">\n\t\t\t\t<i aria-hidden=\"true\" class=\"icon icon-favorites\"><\/i>\t\t\t\t<\/span>\n\t\t\t<\/div>\n\t\t\t\n\t\t\t\t\t\t<div class=\"elementor-icon-box-content\">\n\n\t\t\t\t\t\t\t\t\t<h3 class=\"elementor-icon-box-title\">\n\t\t\t\t\t\t<span  >\n\t\t\t\t\t\t\tPCA Standard\t\t\t\t\t\t<\/span>\n\t\t\t\t\t<\/h3>\n\t\t\t\t\n\t\t\t\t\t\t\t\t\t<p class=\"elementor-icon-box-description\">\n\t\t\t\t\t\tJasn\u00e1 pravidla, transparentn\u00ed hodnocen\u00ed a kvalifikace na PCA Universe a MS.\t\t\t\t\t<\/p>\n\t\t\t\t\n\t\t\t<\/div>\n\t\t\t\n\t\t<\/div>\n\t\t\t\t\t\t<\/div>\n\t\t\t\t<div class=\"elementor-element elementor-element-82d9670 elementor-view-default elementor-position-block-start elementor-mobile-position-block-start elementor-widget elementor-widget-icon-box\" data-id=\"82d9670\" data-element_type=\"widget\" data-e-type=\"widget\" data-widget_type=\"icon-box.default\">\n\t\t\t\t\t\t\t<div class=\"elementor-icon-box-wrapper\">\n\n\t\t\t\t\t\t<div class=\"elementor-icon-box-icon\">\n\t\t\t\t<span  class=\"elementor-icon\">\n\t\t\t\t<i aria-hidden=\"true\" class=\"icon icon-medal1\"><\/i>\t\t\t\t<\/span>\n\t\t\t<\/div>\n\t\t\t\n\t\t\t\t\t\t<div class=\"elementor-icon-box-content\">\n\n\t\t\t\t\t\t\t\t\t<h3 class=\"elementor-icon-box-title\">\n\t\t\t\t\t\t<span  >\n\t\t\t\t\t\t\tHodnotn\u00e9 ceny\t\t\t\t\t\t<\/span>\n\t\t\t\t\t<\/h3>\n\t\t\t\t\n\t\t\t\t\t\t\t\t\t<p class=\"elementor-icon-box-description\">\n\t\t\t\t\t\tAtraktivn\u00ed odm\u011bny pro v\u00edt\u011bze, kter\u00e9 maj\u00ed skute\u010dnou hodnotu.\t\t\t\t\t<\/p>\n\t\t\t\t\n\t\t\t<\/div>\n\t\t\t\n\t\t<\/div>\n\t\t\t\t\t\t<\/div>\n\t\t\t\t<div class=\"elementor-element elementor-element-6aca0e4 elementor-widget elementor-widget-n-accordion\" data-id=\"6aca0e4\" data-element_type=\"widget\" data-e-type=\"widget\" data-settings=\"{&quot;default_state&quot;:&quot;expanded&quot;,&quot;max_items_expended&quot;:&quot;one&quot;,&quot;n_accordion_animation_duration&quot;:{&quot;unit&quot;:&quot;ms&quot;,&quot;size&quot;:400,&quot;sizes&quot;:[]}}\" data-widget_type=\"nested-accordion.default\">\n\t\t\t\t\t\t\t<div class=\"e-n-accordion\" aria-label=\"Accordion. Open links with Enter or Space, close with Escape, and navigate with Arrow Keys\">\n\t\t\t\t\t\t<details id=\"e-n-accordion-item-1110\" class=\"e-n-accordion-item\" open>\n\t\t\t\t<summary class=\"e-n-accordion-item-title\" data-accordion-index=\"1\" tabindex=\"0\" aria-expanded=\"true\" aria-controls=\"e-n-accordion-item-1110\" >\n\t\t\t\t\t<span class='e-n-accordion-item-title-header'><div class=\"e-n-accordion-item-title-text\"> Sout\u011b\u017en\u00ed kategorie <\/div><\/span>\n\t\t\t\t\t\t\t<span class='e-n-accordion-item-title-icon'>\n\t\t\t<span class='e-opened' ><i aria-hidden=\"true\" class=\"icon icon-down-arrow1\"><\/i><\/span>\n\t\t\t<span class='e-closed'><i aria-hidden=\"true\" class=\"icon icon-right-arrow1\"><\/i><\/span>\n\t\t<\/span>\n\n\t\t\t\t\t\t<\/summary>\n\t\t\t\t<div role=\"region\" aria-labelledby=\"e-n-accordion-item-1110\" class=\"elementor-element elementor-element-6a3702a e-con-full e-flex e-con e-child\" data-id=\"6a3702a\" data-element_type=\"container\" data-e-type=\"container\">\n\t\t\t\t<div class=\"elementor-element elementor-element-4be2833 elementor-widget elementor-widget-text-editor\" data-id=\"4be2833\" data-element_type=\"widget\" data-e-type=\"widget\" data-widget_type=\"text-editor.default\">\n\t\t\t\t\t\t\t\t\t<ul class=\"trilands-warp-grid\">\n  <li>Bodybuilding<\/li>\n  <li>Classic Bodybuilding<\/li>\n  <li>Men&#8217;s Physique<\/li>\n  <li>Figure<\/li>\n  <li>Bikini<\/li>\n  <li>Wellness<\/li>\n  <li>Fit Model<\/li>\n  <li>Junior<\/li>\n  <li>Novice<\/li>\n  <li>Masters<\/li>\n  <li>Mixed Disability<\/li>\n<\/ul>\t\t\t\t\t\t\t\t<\/div>\n\t\t\t\t<\/div>\n\t\t\t\t\t<\/details>\n\t\t\t\t\t\t<details id=\"e-n-accordion-item-1111\" class=\"e-n-accordion-item\" >\n\t\t\t\t<summary class=\"e-n-accordion-item-title\" data-accordion-index=\"2\" tabindex=\"-1\" aria-expanded=\"false\" aria-controls=\"e-n-accordion-item-1111\" >\n\t\t\t\t\t<span class='e-n-accordion-item-title-header'><div class=\"e-n-accordion-item-title-text\"> M\u016f\u017eu startovat ve v\u00edce kategori\u00edch? <\/div><\/span>\n\t\t\t\t\t\t\t<span class='e-n-accordion-item-title-icon'>\n\t\t\t<span class='e-opened' ><i aria-hidden=\"true\" class=\"icon icon-down-arrow1\"><\/i><\/span>\n\t\t\t<span class='e-closed'><i aria-hidden=\"true\" class=\"icon icon-right-arrow1\"><\/i><\/span>\n\t\t<\/span>\n\n\t\t\t\t\t\t<\/summary>\n\t\t\t\t<div role=\"region\" aria-labelledby=\"e-n-accordion-item-1111\" class=\"elementor-element elementor-element-4f98965 e-con-full e-flex e-con e-child\" data-id=\"4f98965\" data-element_type=\"container\" data-e-type=\"container\">\n\t\t\t\t<div class=\"elementor-element elementor-element-62c8bd7 elementor-widget elementor-widget-text-editor\" data-id=\"62c8bd7\" data-element_type=\"widget\" data-e-type=\"widget\" data-widget_type=\"text-editor.default\">\n\t\t\t\t\t\t\t\t\t<p>Ano, ka\u017ed\u00fd z\u00e1vodn\u00edk m\u016f\u017ee starovat ve v\u00edce kategori\u00edch. Extra kategorie jsou cenov\u011b zv\u00fdhodn\u011bn\u00e9.<\/p>\t\t\t\t\t\t\t\t<\/div>\n\t\t\t\t<\/div>\n\t\t\t\t\t<\/details>\n\t\t\t\t\t\t<details id=\"e-n-accordion-item-1112\" class=\"e-n-accordion-item\" >\n\t\t\t\t<summary class=\"e-n-accordion-item-title\" data-accordion-index=\"3\" tabindex=\"-1\" aria-expanded=\"false\" aria-controls=\"e-n-accordion-item-1112\" >\n\t\t\t\t\t<span class='e-n-accordion-item-title-header'><div class=\"e-n-accordion-item-title-text\"> Kde najdu pravidla? <\/div><\/span>\n\t\t\t\t\t\t\t<span class='e-n-accordion-item-title-icon'>\n\t\t\t<span class='e-opened' ><i aria-hidden=\"true\" class=\"icon icon-down-arrow1\"><\/i><\/span>\n\t\t\t<span class='e-closed'><i aria-hidden=\"true\" class=\"icon icon-right-arrow1\"><\/i><\/span>\n\t\t<\/span>\n\n\t\t\t\t\t\t<\/summary>\n\t\t\t\t<div role=\"region\" aria-labelledby=\"e-n-accordion-item-1112\" class=\"elementor-element elementor-element-4a9eae3 e-con-full e-flex e-con e-child\" data-id=\"4a9eae3\" data-element_type=\"container\" data-e-type=\"container\">\n\t\t\t\t<div class=\"elementor-element elementor-element-c1b45ea elementor-widget elementor-widget-button\" data-id=\"c1b45ea\" data-element_type=\"widget\" data-e-type=\"widget\" data-widget_type=\"button.default\">\n\t\t\t\t\t\t\t\t\t\t<a class=\"elementor-button elementor-button-link elementor-size-sm\" href=\"https:\/\/pcaczechia.com\/pro-zavodniky\/\">\n\t\t\t\t\t\t<span class=\"elementor-button-content-wrapper\">\n\t\t\t\t\t\t<span class=\"elementor-button-icon\">\n\t\t\t\t<i aria-hidden=\"true\" class=\"icon icon-arrow-right\"><\/i>\t\t\t<\/span>\n\t\t\t\t\t\t\t\t\t<span class=\"elementor-button-text\">Pravidla<\/span>\n\t\t\t\t\t<\/span>\n\t\t\t\t\t<\/a>\n\t\t\t\t\t\t\t\t<\/div>\n\t\t\t\t<\/div>\n\t\t\t\t\t<\/details>\n\t\t\t\t\t<\/div>\n\t\t\t\t\t\t<\/div>\n\t\t\t\t<\/div>\n\t\t<div class=\"elementor-element elementor-element-6fa7b5a e-con-full animated-slow e-flex elementor-invisible e-con e-child\" data-id=\"6fa7b5a\" data-element_type=\"container\" data-e-type=\"container\" data-settings=\"{&quot;background_background&quot;:&quot;classic&quot;,&quot;animation&quot;:&quot;fadeIn&quot;,&quot;sticky&quot;:&quot;top&quot;,&quot;sticky_offset&quot;:137,&quot;sticky_parent&quot;:&quot;yes&quot;,&quot;sticky_on&quot;:[&quot;desktop&quot;,&quot;tablet_extra&quot;,&quot;tablet&quot;],&quot;sticky_effects_offset&quot;:0,&quot;sticky_anchor_link_offset&quot;:0}\">\n\t\t<div class=\"elementor-element elementor-element-732c635 e-con-full glass animated-slow e-flex elementor-invisible e-con e-child\" data-id=\"732c635\" data-element_type=\"container\" data-e-type=\"container\" data-settings=\"{&quot;background_background&quot;:&quot;classic&quot;,&quot;motion_fx_motion_fx_mouse&quot;:&quot;yes&quot;,&quot;animation&quot;:&quot;fadeIn&quot;}\">\n\t\t\t\t<div class=\"elementor-element elementor-element-0d33f82 elementor-widget elementor-widget-heading\" data-id=\"0d33f82\" data-element_type=\"widget\" data-e-type=\"widget\" data-widget_type=\"heading.default\">\n\t\t\t\t\t<h3 class=\"elementor-heading-title elementor-size-default\">Detaily akce<\/h3>\t\t\t\t<\/div>\n\t\t\t\t<div class=\"elementor-element elementor-element-c59e246 elementor-widget elementor-widget-heading\" data-id=\"c59e246\" data-element_type=\"widget\" data-e-type=\"widget\" data-widget_type=\"heading.default\">\n\t\t\t\t\t<h2 class=\"elementor-heading-title elementor-size-default\">PCA Iron Trophy<\/h2>\t\t\t\t<\/div>\n\t\t<div class=\"elementor-element elementor-element-5baa75a e-con-full e-flex e-con e-child\" data-id=\"5baa75a\" data-element_type=\"container\" data-e-type=\"container\">\n\t\t\t\t<div class=\"elementor-element elementor-element-048c209 elementor-widget elementor-widget-heading\" data-id=\"048c209\" data-element_type=\"widget\" data-e-type=\"widget\" data-widget_type=\"heading.default\">\n\t\t\t\t\t<h2 class=\"elementor-heading-title elementor-size-default\">Datum<\/h2>\t\t\t\t<\/div>\n\t\t\t\t<div class=\"elementor-element elementor-element-5541e9b elementor-widget elementor-widget-heading\" data-id=\"5541e9b\" data-element_type=\"widget\" data-e-type=\"widget\" data-widget_type=\"heading.default\">\n\t\t\t\t\t<h2 class=\"elementor-heading-title elementor-size-default\">3.5. 2026<\/h2>\t\t\t\t<\/div>\n\t\t\t\t<\/div>\n\t\t\t\t<div class=\"elementor-element elementor-element-92e4783 elementor-widget-divider--view-line elementor-widget elementor-widget-divider\" data-id=\"92e4783\" data-element_type=\"widget\" data-e-type=\"widget\" data-widget_type=\"divider.default\">\n\t\t\t\t\t\t\t<div class=\"elementor-divider\">\n\t\t\t<span class=\"elementor-divider-separator\">\n\t\t\t\t\t\t<\/span>\n\t\t<\/div>\n\t\t\t\t\t\t<\/div>\n\t\t<div class=\"elementor-element elementor-element-1eb15ef e-con-full e-flex e-con e-child\" data-id=\"1eb15ef\" data-element_type=\"container\" data-e-type=\"container\">\n\t\t\t\t<div class=\"elementor-element elementor-element-d0622a7 elementor-widget elementor-widget-heading\" data-id=\"d0622a7\" data-element_type=\"widget\" data-e-type=\"widget\" data-widget_type=\"heading.default\">\n\t\t\t\t\t<h2 class=\"elementor-heading-title elementor-size-default\">M\u00edsto<\/h2>\t\t\t\t<\/div>\n\t\t\t\t<div class=\"elementor-element elementor-element-dcc9ec6 elementor-widget elementor-widget-heading\" data-id=\"dcc9ec6\" data-element_type=\"widget\" data-e-type=\"widget\" data-widget_type=\"heading.default\">\n\t\t\t\t\t<h2 class=\"elementor-heading-title elementor-size-default\">Trojhal\u00ed Karolina<\/h2>\t\t\t\t<\/div>\n\t\t\t\t<\/div>\n\t\t\t\t<div class=\"elementor-element elementor-element-cc17e85 elementor-widget-divider--view-line elementor-widget elementor-widget-divider\" data-id=\"cc17e85\" data-element_type=\"widget\" data-e-type=\"widget\" data-widget_type=\"divider.default\">\n\t\t\t\t\t\t\t<div class=\"elementor-divider\">\n\t\t\t<span class=\"elementor-divider-separator\">\n\t\t\t\t\t\t<\/span>\n\t\t<\/div>\n\t\t\t\t\t\t<\/div>\n\t\t<div class=\"elementor-element elementor-element-a7f19b6 e-con-full e-flex e-con e-child\" data-id=\"a7f19b6\" data-element_type=\"container\" data-e-type=\"container\">\n\t\t\t\t<div class=\"elementor-element elementor-element-b4049b9 elementor-widget elementor-widget-heading\" data-id=\"b4049b9\" data-element_type=\"widget\" data-e-type=\"widget\" data-widget_type=\"heading.default\">\n\t\t\t\t\t<h2 class=\"elementor-heading-title elementor-size-default\">Startovn\u00e9<\/h2>\t\t\t\t<\/div>\n\t\t\t\t<div class=\"elementor-element elementor-element-4195808 elementor-widget elementor-widget-heading\" data-id=\"4195808\" data-element_type=\"widget\" data-e-type=\"widget\" data-widget_type=\"heading.default\">\n\t\t\t\t\t<h2 class=\"elementor-heading-title elementor-size-default\">od \u20ac39<\/h2>\t\t\t\t<\/div>\n\t\t\t\t<\/div>\n\t\t\t\t<div class=\"elementor-element elementor-element-2031d19 elementor-widget-divider--view-line elementor-widget elementor-widget-divider\" data-id=\"2031d19\" data-element_type=\"widget\" data-e-type=\"widget\" data-widget_type=\"divider.default\">\n\t\t\t\t\t\t\t<div class=\"elementor-divider\">\n\t\t\t<span class=\"elementor-divider-separator\">\n\t\t\t\t\t\t<\/span>\n\t\t<\/div>\n\t\t\t\t\t\t<\/div>\n\t\t\t\t<div class=\"elementor-element elementor-element-fd840f2 elementor-align-justify elementor-mobile-align-justify elementor-widget elementor-widget-button\" data-id=\"fd840f2\" data-element_type=\"widget\" data-e-type=\"widget\" id=\"amelia\" data-widget_type=\"button.default\">\n\t\t\t\t\t\t\t\t\t\t<a class=\"elementor-button elementor-size-sm\" role=\"button\">\n\t\t\t\t\t\t<span class=\"elementor-button-content-wrapper\">\n\t\t\t\t\t\t\t\t\t<span class=\"elementor-button-text\">Online registrace jsou uzav\u0159en\u00e9<\/span>\n\t\t\t\t\t<\/span>\n\t\t\t\t\t<\/a>\n\t\t\t\t\t\t\t\t<\/div>\n\t\t\t\t<div class=\"elementor-element elementor-element-ed899d9 elementor-widget elementor-widget-html\" data-id=\"ed899d9\" data-element_type=\"widget\" data-e-type=\"widget\" data-widget_type=\"html.default\">\n\t\t\t\t\t<script>\ndocument.addEventListener('wheel', function(event) {\n    \/\/ 1. Define all possible Amelia popup\/dropdown containers\n    const ameliaSelectors = [\n        '.am-dialog-el__main-container', \n        '.am-modal', \n        '.el-select-dropdown__wrap', \n        '.el-scrollbar',\n        '.am-select-option'\n    ].join(',');\n\n    \/\/ 2. Check if the mouse is over any of these\n    const isAmeliaContent = event.target.closest(ameliaSelectors);\n    \n    if (isAmeliaContent) {\n        \/\/ 3. Stop Lenis\/Smooth Scroll from taking over\n        event.stopPropagation();\n    }\n}, { passive: true, capture: true });\n<\/script>\t\t\t\t<\/div>\n\t\t\t\t<div class=\"elementor-element elementor-element-c0f0b38 elementor-widget elementor-widget-html\" data-id=\"c0f0b38\" data-element_type=\"widget\" data-e-type=\"widget\" data-widget_type=\"html.default\">\n\t\t\t\t\t<script>\ndocument.addEventListener('DOMContentLoaded', function() {\n    \/\/ 1. Target your initial trigger button\n    const triggerButton = document.getElementById('amelia');\n\n    if (triggerButton) {\n        triggerButton.addEventListener('click', function() {\n            \n            \/\/ 2. Start looking for the Amelia button every 100 milliseconds\n            let checkExist = setInterval(function() {\n                \n                \/\/ Find the button using its specific classes\n                const proceedButton = document.querySelector('.am-ec__actions-btn button.am-button--primary');\n                \n                if (proceedButton) {\n                    \/\/ Double-check it's the right button just to be safe\n                    if (proceedButton.innerText.trim().includes('ZAKOUPIT')) {\n                        proceedButton.click();\n                        clearInterval(checkExist); \/\/ Stop looking once we've clicked it\n                    }\n                }\n            }, 100); \n            \n            \/\/ 3. Safety Net: Stop checking after 10 seconds so it doesn't run forever \n            \/\/ in case the user closes the popup or it fails to load\n            setTimeout(() => {\n                clearInterval(checkExist);\n            }, 10000); \n            \n        });\n    }\n});\n<\/script>\t\t\t\t<\/div>\n\t\t\t\t<div class=\"elementor-element elementor-element-dd770e7 elementor-widget elementor-widget-text-editor\" data-id=\"dd770e7\" data-element_type=\"widget\" data-e-type=\"widget\" data-widget_type=\"text-editor.default\">\n\t\t\t\t\t\t\t\t\t<p><strong>Registrovat se lze ji\u017e pouze na m\u00edst\u011b.<\/strong><\/p>\t\t\t\t\t\t\t\t<\/div>\n\t\t\t\t<\/div>\n\t\t\t\t<\/div>\n\t\t\t\t\t<\/div>\n\t\t\t\t<\/div>\n\t\t\t\t<\/div>\n\t\t","protected":false},"excerpt":{"rendered":"<p>Zaz\u00e1\u0159i uprost\u0159ed silov\u00e9ho festivalu Defenders Games. \u010cek\u00e1 t\u011b velk\u00e1 stage, siln\u00e1 konkurence z cel\u00e9 st\u0159edn\u00ed Evropy a atmosf\u00e9ra multi-sport festivalu Defenders Games. Nav\u00edc m\u00e1\u0161 \u0161anci z\u00edskat kvalifikaci na PCA Universe a World Championships. Days Hours Minutes Seconds Profi stage Show, sv\u011btla a backstage, d\u00edky kter\u00fdm si z\u00e1vody opravdu u\u017eije\u0161 naplno. PCA Standard Jasn\u00e1 pravidla, transparentn\u00ed [&hellip;]<\/p>\n","protected":false},"author":1,"featured_media":0,"parent":0,"menu_order":0,"comment_status":"closed","ping_status":"closed","template":"","meta":{"_acf_changed":false,"_eb_attr":"","_monsterinsights_skip_tracking":false,"_monsterinsights_sitenote_active":false,"_monsterinsights_sitenote_note":"","_monsterinsights_sitenote_category":0,"footnotes":""},"class_list":["post-38449","page","type-page","status-publish","hentry"],"acf":[],"_links":{"self":[{"href":"https:\/\/club.gymspace.cz\/en\/wp-json\/wp\/v2\/pages\/38449","targetHints":{"allow":["GET"]}}],"collection":[{"href":"https:\/\/club.gymspace.cz\/en\/wp-json\/wp\/v2\/pages"}],"about":[{"href":"https:\/\/club.gymspace.cz\/en\/wp-json\/wp\/v2\/types\/page"}],"author":[{"embeddable":true,"href":"https:\/\/club.gymspace.cz\/en\/wp-json\/wp\/v2\/users\/1"}],"replies":[{"embeddable":true,"href":"https:\/\/club.gymspace.cz\/en\/wp-json\/wp\/v2\/comments?post=38449"}],"version-history":[{"count":22,"href":"https:\/\/club.gymspace.cz\/en\/wp-json\/wp\/v2\/pages\/38449\/revisions"}],"predecessor-version":[{"id":38574,"href":"https:\/\/club.gymspace.cz\/en\/wp-json\/wp\/v2\/pages\/38449\/revisions\/38574"}],"wp:attachment":[{"href":"https:\/\/club.gymspace.cz\/en\/wp-json\/wp\/v2\/media?parent=38449"}],"curies":[{"name":"wp","href":"https:\/\/api.w.org\/{rel}","templated":true}]}}